{"id":1242,"date":"2024-11-23T02:14:43","date_gmt":"2024-11-23T02:14:43","guid":{"rendered":"http:\/\/vietseeds.demo1.fgct.net\/?page_id=1242"},"modified":"2025-01-03T04:15:27","modified_gmt":"2025-01-03T04:15:27","slug":"doi-ngu-giao-vien","status":"publish","type":"page","link":"https:\/\/vietseeds.edu.vn\/en\/doi-ngu-giao-vien\/","title":{"rendered":"Teaching staff"},"content":{"rendered":"\t\t<div data-elementor-type=\"wp-page\" data-elementor-id=\"1242\" class=\"elementor elementor-1242\" data-elementor-post-type=\"page\">\n\t\t\t\t<div class=\"elementor-element elementor-element-448d4b5 e-flex e-con-boxed e-con e-parent\" data-id=\"448d4b5\" data-element_type=\"container\" data-settings=\"{&quot;background_background&quot;:&quot;classic&quot;}\">\n\t\t\t\t\t<div class=\"e-con-inner\">\n\t\t\t\t<div class=\"elementor-element elementor-element-9bfcaf7 elementor-grid-4 elementor-grid-tablet_extra-2 elementor-grid-mobile-1 elementor-grid-tablet-2 elementor-widget elementor-widget-loop-grid\" data-id=\"9bfcaf7\" data-element_type=\"widget\" id=\"loop-teacher\" data-settings=\"{&quot;template_id&quot;:6498,&quot;columns&quot;:4,&quot;pagination_type&quot;:&quot;numbers&quot;,&quot;pagination_load_type&quot;:&quot;ajax&quot;,&quot;columns_tablet_extra&quot;:2,&quot;columns_mobile&quot;:1,&quot;_skin&quot;:&quot;post&quot;,&quot;columns_tablet&quot;:&quot;2&quot;,&quot;edit_handle_selector&quot;:&quot;[data-elementor-type=\\&quot;loop-item\\&quot;]&quot;,&quot;row_gap&quot;:{&quot;unit&quot;:&quot;px&quot;,&quot;size&quot;:&quot;&quot;,&quot;sizes&quot;:[]},&quot;row_gap_laptop&quot;:{&quot;unit&quot;:&quot;px&quot;,&quot;size&quot;:&quot;&quot;,&quot;sizes&quot;:[]},&quot;row_gap_tablet_extra&quot;:{&quot;unit&quot;:&quot;px&quot;,&quot;size&quot;:&quot;&quot;,&quot;sizes&quot;:[]},&quot;row_gap_tablet&quot;:{&quot;unit&quot;:&quot;px&quot;,&quot;size&quot;:&quot;&quot;,&quot;sizes&quot;:[]},&quot;row_gap_mobile_extra&quot;:{&quot;unit&quot;:&quot;px&quot;,&quot;size&quot;:&quot;&quot;,&quot;sizes&quot;:[]},&quot;row_gap_mobile&quot;:{&quot;unit&quot;:&quot;px&quot;,&quot;size&quot;:&quot;&quot;,&quot;sizes&quot;:[]}}\" data-widget_type=\"loop-grid.post\">\n\t\t\t\t<div class=\"elementor-widget-container\">\n\t\t\t\t\t\t\t<div class=\"elementor-loop-container elementor-grid\">\n\t\t<style id=\"loop-6498\">.elementor-6498 .elementor-element.elementor-element-402d04e{--display:flex;--gap:10px 10px;--row-gap:10px;--column-gap:10px;--background-transition:0.3s;--border-radius:15px 15px 15px 15px;--padding-top:30px;--padding-bottom:30px;--padding-left:20px;--padding-right:20px;}.elementor-6498 .elementor-element.elementor-element-402d04e:hover{background-color:#F5F7FC;}.elementor-widget-theme-post-featured-image .widget-image-caption{color:var( --e-global-color-text );font-family:var( --e-global-typography-text-font-family ), Sans-serif;font-weight:var( --e-global-typography-text-font-weight );}.elementor-6498 .elementor-element.elementor-element-ece0cb9 img{border-style:solid;border-width:1px 1px 1px 1px;border-color:#F0F0F0;border-radius:9999px 9999px 9999px 9999px;}.elementor-widget-theme-post-title .elementor-heading-title{font-family:var( --e-global-typography-primary-font-family ), Sans-serif;font-weight:var( --e-global-typography-primary-font-weight );color:var( --e-global-color-primary );}.elementor-6498 .elementor-element.elementor-element-b404bc6{text-align:center;}.elementor-6498 .elementor-element.elementor-element-b404bc6 .elementor-heading-title{font-family:\"Google Sans\", Sans-serif;font-size:25px;font-weight:600;}.elementor-widget-theme-post-excerpt .elementor-widget-container{color:var( --e-global-color-text );font-family:var( --e-global-typography-text-font-family ), Sans-serif;font-weight:var( --e-global-typography-text-font-weight );}.elementor-6498 .elementor-element.elementor-element-797b859 .elementor-widget-container{text-align:center;color:#2C2C2C;font-family:\"Google Sans\", Sans-serif;font-weight:600;}.elementor-widget-theme-post-content{color:var( --e-global-color-text );font-family:var( --e-global-typography-text-font-family ), Sans-serif;font-weight:var( --e-global-typography-text-font-weight );}.elementor-6498 .elementor-element.elementor-element-dbc5b4d{text-align:center;font-family:\"Google Sans\", Sans-serif;font-size:14px;font-weight:400;font-style:italic;}@media(max-width:767px){.elementor-6498 .elementor-element.elementor-element-402d04e{--padding-top:20px;--padding-bottom:20px;--padding-left:10px;--padding-right:10px;}.elementor-6498 .elementor-element.elementor-element-b404bc6 .elementor-heading-title{font-size:20px;}.elementor-6498 .elementor-element.elementor-element-dbc5b4d{font-size:14px;}}<\/style>\t\t<div data-elementor-type=\"loop-item\" data-elementor-id=\"6498\" class=\"elementor elementor-6498 e-loop-item e-loop-item-1829 post-1829 teacher type-teacher status-publish has-post-thumbnail hentry\" data-elementor-post-type=\"elementor_library\" data-custom-edit-handle=\"1\">\n\t\t\t<div class=\"elementor-element elementor-element-402d04e e-flex e-con-boxed e-con e-parent\" data-id=\"402d04e\" data-element_type=\"container\">\n\t\t\t\t\t<div class=\"e-con-inner\">\n\t\t\t\t<div class=\"elementor-element elementor-element-ece0cb9 elementor-widget elementor-widget-theme-post-featured-image elementor-widget-image\" data-id=\"ece0cb9\" data-element_type=\"widget\" data-widget_type=\"theme-post-featured-image.default\">\n\t\t\t\t<div class=\"elementor-widget-container\">\n\t\t\t\t\t\t\t\t\t\t\t\t\t\t\t<img decoding=\"async\" src=\"https:\/\/vietseeds.edu.vn\/wp-content\/uploads\/elementor\/thumbs\/gv5-qydongt5xaeidr8xwgj95v61jdhvfqp1oohq3lm66o.jpg\" title=\"gv5\" alt=\"gv5\" loading=\"lazy\" \/>\t\t\t\t\t\t\t\t\t\t\t\t\t\t\t<\/div>\n\t\t\t\t<\/div>\n\t\t\t\t<div class=\"elementor-element elementor-element-b404bc6 elementor-widget elementor-widget-theme-post-title elementor-page-title elementor-widget-heading\" data-id=\"b404bc6\" data-element_type=\"widget\" data-widget_type=\"theme-post-title.default\">\n\t\t\t\t<div class=\"elementor-widget-container\">\n\t\t\t\t\t<h3 class=\"elementor-heading-title elementor-size-default\">C\u00f4 Thu<\/h3>\t\t\t\t<\/div>\n\t\t\t\t<\/div>\n\t\t\t\t<div class=\"elementor-element elementor-element-797b859 elementor-widget elementor-widget-theme-post-excerpt\" data-id=\"797b859\" data-element_type=\"widget\" data-widget_type=\"theme-post-excerpt.default\">\n\t\t\t\t<div class=\"elementor-widget-container\">\n\t\t\t\t\tGi\u00e1o vi\u00ean c\u00e1c l\u1edbp IELTS\t\t\t\t<\/div>\n\t\t\t\t<\/div>\n\t\t\t\t<div class=\"elementor-element elementor-element-dbc5b4d elementor-widget elementor-widget-theme-post-content\" data-id=\"dbc5b4d\" data-element_type=\"widget\" data-widget_type=\"theme-post-content.default\">\n\t\t\t\t<div class=\"elementor-widget-container\">\n\t\t\t\t\t<ul>\n<li>C\u1eed nh\u00e2n ti\u1ebfng Anh \u0110\u1ea1i h\u1ecdc H\u00e0 N\u1ed9i<\/li>\n<li>Th\u1ea1c s\u1ef9 Qu\u1ea3n tr\u1ecb Kinh Doanh tr\u01b0\u1eddng Kinh doanh Qu\u1ed1c t\u1ebf Scandinavia<\/li>\n<li>T\u1eebng l\u00e0 Gi\u1ea3ng vi\u00ean \u0110\u1ea1i h\u1ecdc C\u00f4ng Nghi\u1ec7p H\u00e0 N\u1ed9i<\/li>\n<li>Gi\u1ea3i 2 Cu\u1ed9c thi Gi\u00e1o vi\u00ean d\u1ea1y gi\u1ecfi c\u1ea5p Th\u00e0nh ph\u1ed1 H\u00e0 N\u1ed9i<\/li>\n<li>V\u1edbi 12 n\u0103m kinh nghi\u1ec7m trong vi\u1ec7c d\u1ea1y ti\u1ebfng Anh.<\/li>\n<\/ul>\n\t\t\t\t<\/div>\n\t\t\t\t<\/div>\n\t\t\t\t\t<\/div>\n\t\t\t\t<\/div>\n\t\t\t\t<\/div>\n\t\t\t\t<div data-elementor-type=\"loop-item\" data-elementor-id=\"6498\" class=\"elementor elementor-6498 e-loop-item e-loop-item-1830 post-1830 teacher type-teacher status-publish has-post-thumbnail hentry\" data-elementor-post-type=\"elementor_library\" data-custom-edit-handle=\"1\">\n\t\t\t<div class=\"elementor-element elementor-element-402d04e e-flex e-con-boxed e-con e-parent\" data-id=\"402d04e\" data-element_type=\"container\">\n\t\t\t\t\t<div class=\"e-con-inner\">\n\t\t\t\t<div class=\"elementor-element elementor-element-ece0cb9 elementor-widget elementor-widget-theme-post-featured-image elementor-widget-image\" data-id=\"ece0cb9\" data-element_type=\"widget\" data-widget_type=\"theme-post-featured-image.default\">\n\t\t\t\t<div class=\"elementor-widget-container\">\n\t\t\t\t\t\t\t\t\t\t\t\t\t\t\t<img decoding=\"async\" src=\"https:\/\/vietseeds.edu.vn\/wp-content\/uploads\/elementor\/thumbs\/gv4-qydongt5xaeidr8xwgj95v61jdhvfqp1oohq3lm66o.jpg\" title=\"gv4\" alt=\"gv4\" loading=\"lazy\" \/>\t\t\t\t\t\t\t\t\t\t\t\t\t\t\t<\/div>\n\t\t\t\t<\/div>\n\t\t\t\t<div class=\"elementor-element elementor-element-b404bc6 elementor-widget elementor-widget-theme-post-title elementor-page-title elementor-widget-heading\" data-id=\"b404bc6\" data-element_type=\"widget\" data-widget_type=\"theme-post-title.default\">\n\t\t\t\t<div class=\"elementor-widget-container\">\n\t\t\t\t\t<h3 class=\"elementor-heading-title elementor-size-default\">Th\u1ea7y Mike Preston<\/h3>\t\t\t\t<\/div>\n\t\t\t\t<\/div>\n\t\t\t\t<div class=\"elementor-element elementor-element-797b859 elementor-widget elementor-widget-theme-post-excerpt\" data-id=\"797b859\" data-element_type=\"widget\" data-widget_type=\"theme-post-excerpt.default\">\n\t\t\t\t<div class=\"elementor-widget-container\">\n\t\t\t\t\tGi\u00e1o vi\u00ean c\u00e1c l\u1edbp t\u1eeb tr\u00ecnh \u0111\u1ed9 Flyers \u0111\u1ebfn CAE v\u00e0 c\u00e1c l\u1edbp IELTS\t\t\t\t<\/div>\n\t\t\t\t<\/div>\n\t\t\t\t<div class=\"elementor-element elementor-element-dbc5b4d elementor-widget elementor-widget-theme-post-content\" data-id=\"dbc5b4d\" data-element_type=\"widget\" data-widget_type=\"theme-post-content.default\">\n\t\t\t\t<div class=\"elementor-widget-container\">\n\t\t\t\t\t<ul>\n<li>M\u1ed9t nh\u00e0 gi\u00e1o d\u1ee5c c\u00f3 h\u01a1n 15 n\u0103m kinh nghi\u1ec7m gi\u1ea3ng d\u1ea1y.<\/li>\n<li>\u0110am m\u00ea t\u1ea1o ra nh\u1eefng tr\u1ea3i nghi\u1ec7m h\u1ecdc t\u1eadp th\u00fa v\u1ecb v\u00e0 h\u1ea5p d\u1eabn.<\/li>\n<li>\u0110\u00e3 h\u1ecdc ng\u00e0nh Thanh ni\u00ean v\u00e0 C\u1ed9ng \u0111\u1ed3ng t\u1ea1i \u0110\u1ea1i h\u1ecdc Glyndwr, Anh Qu\u1ed1c<\/li>\n<li>\u0110\u00e3 gi\u1ea3ng d\u1ea1y t\u1ea1i c\u00e1c tr\u01b0\u1eddng cao \u0111\u1eb3ng, tr\u01b0\u1eddng qu\u1ed1c t\u1ebf v\u00e0 tr\u01b0\u1eddng c\u00f4ng l\u1eadp.<\/li>\n<li>\u0110\u00e3 t\u1ea1o \u0111i\u1ec1u ki\u1ec7n cho c\u00e1c ch\u01b0\u01a1ng tr\u00ecnh gi\u00e1o d\u1ee5c ngo\u00e0i tr\u1eddi, giao ti\u1ebfp v\u00e0 x\u00e2y d\u1ef1ng nh\u00f3m.<\/li>\n<li>\u0110\u00e3 l\u00e0m vi\u1ec7c v\u1edbi c\u1ea3 c\u00e1c t\u1ed5 ch\u1ee9c gi\u00e1o d\u1ee5c v\u00e0 kh\u00e1ch h\u00e0ng doanh nghi\u1ec7p.<\/li>\n<\/ul>\n\t\t\t\t<\/div>\n\t\t\t\t<\/div>\n\t\t\t\t\t<\/div>\n\t\t\t\t<\/div>\n\t\t\t\t<\/div>\n\t\t\t\t<div data-elementor-type=\"loop-item\" data-elementor-id=\"6498\" class=\"elementor elementor-6498 e-loop-item e-loop-item-1831 post-1831 teacher type-teacher status-publish has-post-thumbnail hentry\" data-elementor-post-type=\"elementor_library\" data-custom-edit-handle=\"1\">\n\t\t\t<div class=\"elementor-element elementor-element-402d04e e-flex e-con-boxed e-con e-parent\" data-id=\"402d04e\" data-element_type=\"container\">\n\t\t\t\t\t<div class=\"e-con-inner\">\n\t\t\t\t<div class=\"elementor-element elementor-element-ece0cb9 elementor-widget elementor-widget-theme-post-featured-image elementor-widget-image\" data-id=\"ece0cb9\" data-element_type=\"widget\" data-widget_type=\"theme-post-featured-image.default\">\n\t\t\t\t<div class=\"elementor-widget-container\">\n\t\t\t\t\t\t\t\t\t\t\t\t\t\t\t<img decoding=\"async\" src=\"https:\/\/vietseeds.edu.vn\/wp-content\/uploads\/elementor\/thumbs\/gv2-qydpbdtbtj55skia8spiltw9obm3ahn6b22hp25jv4.jpg\" title=\"gv2\" alt=\"gv2\" loading=\"lazy\" \/>\t\t\t\t\t\t\t\t\t\t\t\t\t\t\t<\/div>\n\t\t\t\t<\/div>\n\t\t\t\t<div class=\"elementor-element elementor-element-b404bc6 elementor-widget elementor-widget-theme-post-title elementor-page-title elementor-widget-heading\" data-id=\"b404bc6\" data-element_type=\"widget\" data-widget_type=\"theme-post-title.default\">\n\t\t\t\t<div class=\"elementor-widget-container\">\n\t\t\t\t\t<h3 class=\"elementor-heading-title elementor-size-default\">Th\u1ea7y Jonathan<\/h3>\t\t\t\t<\/div>\n\t\t\t\t<\/div>\n\t\t\t\t<div class=\"elementor-element elementor-element-797b859 elementor-widget elementor-widget-theme-post-excerpt\" data-id=\"797b859\" data-element_type=\"widget\" data-widget_type=\"theme-post-excerpt.default\">\n\t\t\t\t<div class=\"elementor-widget-container\">\n\t\t\t\t\tGi\u00e1o vi\u00ean l\u1edbp Phonics\t\t\t\t<\/div>\n\t\t\t\t<\/div>\n\t\t\t\t<div class=\"elementor-element elementor-element-dbc5b4d elementor-widget elementor-widget-theme-post-content\" data-id=\"dbc5b4d\" data-element_type=\"widget\" data-widget_type=\"theme-post-content.default\">\n\t\t\t\t<div class=\"elementor-widget-container\">\n\t\t\t\t\t<ul>\n<li>C\u1eed nh\u00e2n Khoa h\u1ecdc Gi\u00e1o d\u1ee5c, Chuy\u00ean ng\u00e0nh Gi\u00e1o d\u1ee5c Ti\u1ec3u h\u1ecdc, Cao \u0111\u1eb3ng Oxfordian<\/li>\n<li>Ch\u1ee9ng ch\u1ec9 TESOL 120 gi\u1edd, TESOL Ch\u00e2u \u00c1<\/li>\n<li>Ch\u1ee9ng ch\u1ec9 C2, B\u00e0i ki\u1ec3m tra ti\u1ebfng Anh chu\u1ea9n EF<\/li>\n<li>14 n\u0103m gi\u1ea3ng d\u1ea1y ti\u1ebfng Anh<\/li>\n<li>Th\u1ef1c t\u1eadp sinh gi\u00e1m kh\u1ea3o Cambridge English, Tr\u01b0\u1eddng Albert Einstein, H\u00e0 T\u0129nh<\/li>\n<li>Kinh nghi\u1ec7m gi\u1ea3ng d\u1ea1y t\u1ea1i California, Hoa K\u1ef3, H\u00e0n Qu\u1ed1c, Philippines, Singapore, Trung Qu\u1ed1c v\u00e0 Vi\u1ec7t Nam<\/li>\n<\/ul>\n\t\t\t\t<\/div>\n\t\t\t\t<\/div>\n\t\t\t\t\t<\/div>\n\t\t\t\t<\/div>\n\t\t\t\t<\/div>\n\t\t\t\t<div data-elementor-type=\"loop-item\" data-elementor-id=\"6498\" class=\"elementor elementor-6498 e-loop-item e-loop-item-1832 post-1832 teacher type-teacher status-publish has-post-thumbnail hentry\" data-elementor-post-type=\"elementor_library\" data-custom-edit-handle=\"1\">\n\t\t\t<div class=\"elementor-element elementor-element-402d04e e-flex e-con-boxed e-con e-parent\" data-id=\"402d04e\" data-element_type=\"container\">\n\t\t\t\t\t<div class=\"e-con-inner\">\n\t\t\t\t<div class=\"elementor-element elementor-element-ece0cb9 elementor-widget elementor-widget-theme-post-featured-image elementor-widget-image\" data-id=\"ece0cb9\" data-element_type=\"widget\" data-widget_type=\"theme-post-featured-image.default\">\n\t\t\t\t<div class=\"elementor-widget-container\">\n\t\t\t\t\t\t\t\t\t\t\t\t\t\t\t<img decoding=\"async\" src=\"https:\/\/vietseeds.edu.vn\/wp-content\/uploads\/elementor\/thumbs\/gv1-qydongt5xaeidr8xwgj95v61jdhvfqp1oohq3lm66o.jpg\" title=\"gv1\" alt=\"gv1\" loading=\"lazy\" \/>\t\t\t\t\t\t\t\t\t\t\t\t\t\t\t<\/div>\n\t\t\t\t<\/div>\n\t\t\t\t<div class=\"elementor-element elementor-element-b404bc6 elementor-widget elementor-widget-theme-post-title elementor-page-title elementor-widget-heading\" data-id=\"b404bc6\" data-element_type=\"widget\" data-widget_type=\"theme-post-title.default\">\n\t\t\t\t<div class=\"elementor-widget-container\">\n\t\t\t\t\t<h3 class=\"elementor-heading-title elementor-size-default\">C\u00f4 Jessabel Rosal Lagahit<\/h3>\t\t\t\t<\/div>\n\t\t\t\t<\/div>\n\t\t\t\t<div class=\"elementor-element elementor-element-797b859 elementor-widget elementor-widget-theme-post-excerpt\" data-id=\"797b859\" data-element_type=\"widget\" data-widget_type=\"theme-post-excerpt.default\">\n\t\t\t\t<div class=\"elementor-widget-container\">\n\t\t\t\t\tGi\u00e1o vi\u00ean l\u1edbp Phonics v\u00e0 l\u1edbp Movers\t\t\t\t<\/div>\n\t\t\t\t<\/div>\n\t\t\t\t<div class=\"elementor-element elementor-element-dbc5b4d elementor-widget elementor-widget-theme-post-content\" data-id=\"dbc5b4d\" data-element_type=\"widget\" data-widget_type=\"theme-post-content.default\">\n\t\t\t\t<div class=\"elementor-widget-container\">\n\t\t\t\t\t<ul>\n<li>C\u1eed nh\u00e2n Gi\u00e1o d\u1ee5c Ti\u1ec3u h\u1ecdc chuy\u00ean ng\u00e0nh T\u1ed5ng qu\u00e1t<\/li>\n<li>Gi\u00e1o vi\u00ean Chuy\u00ean nghi\u1ec7p \u0111\u01b0\u1ee3c c\u1ea5p ph\u00e9p<\/li>\n<li>6 n\u0103m kinh nghi\u1ec7m gi\u1ea3ng d\u1ea1y t\u1ea1i l\u1edbp h\u1ecdc.<\/li>\n<li>Gi\u00e1o vi\u00ean ti\u1ebfng Anh nh\u01b0 Ng\u00f4n ng\u1eef Th\u1ee9 hai trong h\u01a1n 10 n\u0103m nay (tr\u1ef1c tuy\u1ebfn\/tr\u1ef1c ti\u1ebfp)<\/li>\n<li>\u0110\u00e3 tham d\u1ef1 \u0110\u00e1nh gi\u00e1 L\u1edbp h\u1ecdc trong Th\u1ebf k\u1ef7 21.<\/li>\n<li>\u0110\u00e3 tham d\u1ef1 Qu\u1ea3n l\u00fd L\u1edbp h\u1ecdc Th\u1ebf k\u1ef7 21.<\/li>\n<li>Ch\u1ee9ng ch\u1ec9 TESOL (International Open Academy)<\/li>\n<li>Ch\u1ee9ng ch\u1ec9 TEFL (Professional Development Institute)<\/li>\n<li>Ch\u1ee9ng ch\u1ec9 TEYL (World TESOL Academy)<\/li>\n<li>Ch\u1ee9ng ch\u1ec9 C2 Successful<\/li>\n<\/ul>\n\t\t\t\t<\/div>\n\t\t\t\t<\/div>\n\t\t\t\t\t<\/div>\n\t\t\t\t<\/div>\n\t\t\t\t<\/div>\n\t\t\t\t<\/div>\n\t\t\n\t\t\t\t\t\t<\/div>\n\t\t\t\t<\/div>\n\t\t\t\t\t<\/div>\n\t\t\t\t<\/div>\n\t\t\t\t<\/div>\n\t\t","protected":false},"excerpt":{"rendered":"","protected":false},"author":1,"featured_media":0,"parent":0,"menu_order":0,"comment_status":"closed","ping_status":"closed","template":"","meta":{"_acf_changed":false,"om_disable_all_campaigns":false,"footnotes":""},"class_list":["post-1242","page","type-page","status-publish","hentry"],"acf":[],"aioseo_notices":[],"_links":{"self":[{"href":"https:\/\/vietseeds.edu.vn\/en\/wp-json\/wp\/v2\/pages\/1242","targetHints":{"allow":["GET"]}}],"collection":[{"href":"https:\/\/vietseeds.edu.vn\/en\/wp-json\/wp\/v2\/pages"}],"about":[{"href":"https:\/\/vietseeds.edu.vn\/en\/wp-json\/wp\/v2\/types\/page"}],"author":[{"embeddable":true,"href":"https:\/\/vietseeds.edu.vn\/en\/wp-json\/wp\/v2\/users\/1"}],"replies":[{"embeddable":true,"href":"https:\/\/vietseeds.edu.vn\/en\/wp-json\/wp\/v2\/comments?post=1242"}],"version-history":[{"count":88,"href":"https:\/\/vietseeds.edu.vn\/en\/wp-json\/wp\/v2\/pages\/1242\/revisions"}],"predecessor-version":[{"id":7395,"href":"https:\/\/vietseeds.edu.vn\/en\/wp-json\/wp\/v2\/pages\/1242\/revisions\/7395"}],"wp:attachment":[{"href":"https:\/\/vietseeds.edu.vn\/en\/wp-json\/wp\/v2\/media?parent=1242"}],"curies":[{"name":"wp","href":"https:\/\/api.w.org\/{rel}","templated":true}]}}