{"id":1240,"date":"2024-11-23T02:14:23","date_gmt":"2024-11-23T02:14:23","guid":{"rendered":"http:\/\/vietseeds.demo1.fgct.net\/?page_id=1240"},"modified":"2025-01-21T02:50:32","modified_gmt":"2025-01-21T02:50:32","slug":"lien-he","status":"publish","type":"page","link":"https:\/\/vietseeds.edu.vn\/vi\/lien-he\/","title":{"rendered":"Li\u00ean h\u1ec7"},"content":{"rendered":"\t\t<div data-elementor-type=\"wp-page\" data-elementor-id=\"1240\" class=\"elementor elementor-1240\" data-elementor-post-type=\"page\">\n\t\t\t\t<div class=\"elementor-element elementor-element-ee53af2 e-con-full e-flex e-con e-parent\" data-id=\"ee53af2\" data-element_type=\"container\">\n\t\t\t\t<div class=\"elementor-element elementor-element-c04f0c7 elementor-widget elementor-widget-image\" data-id=\"c04f0c7\" data-element_type=\"widget\" data-widget_type=\"image.default\">\n\t\t\t\t<div class=\"elementor-widget-container\">\n\t\t\t\t\t\t\t\t\t\t\t\t\t\t\t<img fetchpriority=\"high\" decoding=\"async\" width=\"1920\" height=\"470\" src=\"https:\/\/vietseeds.edu.vn\/wp-content\/uploads\/2024\/12\/contactus.jpg\" class=\"attachment-full size-full wp-image-2887\" alt=\"\" srcset=\"https:\/\/vietseeds.edu.vn\/wp-content\/uploads\/2024\/12\/contactus.jpg 1920w, https:\/\/vietseeds.edu.vn\/wp-content\/uploads\/2024\/12\/contactus-300x73.jpg 300w, https:\/\/vietseeds.edu.vn\/wp-content\/uploads\/2024\/12\/contactus-1024x251.jpg 1024w, https:\/\/vietseeds.edu.vn\/wp-content\/uploads\/2024\/12\/contactus-768x188.jpg 768w, https:\/\/vietseeds.edu.vn\/wp-content\/uploads\/2024\/12\/contactus-1536x376.jpg 1536w, https:\/\/vietseeds.edu.vn\/wp-content\/uploads\/2024\/12\/contactus-18x4.jpg 18w\" sizes=\"(max-width: 1920px) 100vw, 1920px\" \/>\t\t\t\t\t\t\t\t\t\t\t\t\t\t\t<\/div>\n\t\t\t\t<\/div>\n\t\t\t\t<div class=\"elementor-element elementor-element-1787e6a elementor-absolute elementor-widget elementor-widget-image\" data-id=\"1787e6a\" data-element_type=\"widget\" data-settings=\"{&quot;_position&quot;:&quot;absolute&quot;}\" data-widget_type=\"image.default\">\n\t\t\t\t<div class=\"elementor-widget-container\">\n\t\t\t\t\t\t\t\t\t\t\t\t\t\t\t<img decoding=\"async\" src=\"https:\/\/vietseeds.edu.vn\/wp-content\/uploads\/elementor\/thumbs\/vietseed-bg-e1735524612579-r02qmx8p1vdlswetu1in016qhja45rcsz2odd1z1gg.png\" title=\"vietseed-bg\" alt=\"vietseed-bg\" loading=\"lazy\" \/>\t\t\t\t\t\t\t\t\t\t\t\t\t\t\t<\/div>\n\t\t\t\t<\/div>\n\t\t\t\t<\/div>\n\t\t\t\t<section class=\"elementor-section elementor-top-section elementor-element elementor-element-332b432 nentang elementor-section-boxed elementor-section-height-default elementor-section-height-default\" data-id=\"332b432\" data-element_type=\"section\" data-settings=\"{&quot;background_background&quot;:&quot;classic&quot;}\">\n\t\t\t\t\t\t<div class=\"elementor-container elementor-column-gap-default\">\n\t\t\t\t\t<div class=\"elementor-column elementor-col-100 elementor-top-column elementor-element elementor-element-6ab8000\" data-id=\"6ab8000\" data-element_type=\"column\">\n\t\t\t<div class=\"elementor-widget-wrap elementor-element-populated\">\n\t\t\t\t\t\t<section class=\"elementor-section elementor-inner-section elementor-element elementor-element-0240014 elementor-section-content-top elementor-section-boxed elementor-section-height-default elementor-section-height-default\" data-id=\"0240014\" data-element_type=\"section\">\n\t\t\t\t\t\t<div class=\"elementor-container elementor-column-gap-default\">\n\t\t\t\t\t<div class=\"elementor-column elementor-col-50 elementor-inner-column elementor-element elementor-element-647bf15b\" data-id=\"647bf15b\" data-element_type=\"column\">\n\t\t\t<div class=\"elementor-widget-wrap elementor-element-populated\">\n\t\t\t\t\t\t<div class=\"elementor-element elementor-element-ceb96f2 elementor-widget__width-inherit elementor-widget elementor-widget-heading\" data-id=\"ceb96f2\" data-element_type=\"widget\" data-widget_type=\"heading.default\">\n\t\t\t\t<div class=\"elementor-widget-container\">\n\t\t\t\t\t<h2 class=\"elementor-heading-title elementor-size-default\">Th\u00f4ng tin li\u00ean h\u1ec7<\/h2>\t\t\t\t<\/div>\n\t\t\t\t<\/div>\n\t\t\t\t\t<\/div>\n\t\t<\/div>\n\t\t\t\t<div class=\"elementor-column elementor-col-50 elementor-inner-column elementor-element elementor-element-696cf0c\" data-id=\"696cf0c\" data-element_type=\"column\">\n\t\t\t<div class=\"elementor-widget-wrap elementor-element-populated\">\n\t\t\t\t\t\t<div class=\"elementor-element elementor-element-3cf8e6d elementor-widget__width-initial fgc-button-icon elementor-widget-mobile__width-inherit elementor-align-center elementor-widget elementor-widget-global elementor-global-2901 elementor-widget-button\" data-id=\"3cf8e6d\" data-element_type=\"widget\" data-widget_type=\"button.default\">\n\t\t\t\t<div class=\"elementor-widget-container\">\n\t\t\t\t\t\t\t\t\t<div class=\"elementor-button-wrapper\">\n\t\t\t\t\t<a class=\"elementor-button elementor-button-link elementor-size-sm\" href=\"#elementor-action%3Aaction%3Dpopup%3Aopen%26settings%3DeyJpZCI6IjYyMyIsInRvZ2dsZSI6ZmFsc2V9\">\n\t\t\t\t\t\t<span class=\"elementor-button-content-wrapper\">\n\t\t\t\t\t\t\t\t\t<span class=\"elementor-button-text\">Nh\u1eadn t\u01b0 v\u1ea5n nhanh<\/span>\n\t\t\t\t\t<\/span>\n\t\t\t\t\t<\/a>\n\t\t\t\t<\/div>\n\t\t\t\t\t\t\t\t<\/div>\n\t\t\t\t<\/div>\n\t\t\t\t\t<\/div>\n\t\t<\/div>\n\t\t\t\t\t<\/div>\n\t\t<\/section>\n\t\t\t\t<section class=\"elementor-section elementor-inner-section elementor-element elementor-element-8951798 elementor-section-content-top elementor-section-boxed elementor-section-height-default elementor-section-height-default\" data-id=\"8951798\" data-element_type=\"section\">\n\t\t\t\t\t\t<div class=\"elementor-container elementor-column-gap-default\">\n\t\t\t\t\t<div class=\"elementor-column elementor-col-100 elementor-inner-column elementor-element elementor-element-4ca9344\" data-id=\"4ca9344\" data-element_type=\"column\">\n\t\t\t<div class=\"elementor-widget-wrap elementor-element-populated\">\n\t\t\t\t\t\t<div class=\"elementor-element elementor-element-1e11c7b elementor-widget elementor-widget-text-editor\" data-id=\"1e11c7b\" data-element_type=\"widget\" data-widget_type=\"text-editor.default\">\n\t\t\t\t<div class=\"elementor-widget-container\">\n\t\t\t\t\t\t\t\t\t<p>VietSeeds<\/p>\t\t\t\t\t\t\t\t<\/div>\n\t\t\t\t<\/div>\n\t\t\t\t\t<\/div>\n\t\t<\/div>\n\t\t\t\t\t<\/div>\n\t\t<\/section>\n\t\t\t\t<section class=\"elementor-section elementor-inner-section elementor-element elementor-element-2144435 elementor-section-content-top elementor-section-boxed elementor-section-height-default elementor-section-height-default\" data-id=\"2144435\" data-element_type=\"section\">\n\t\t\t\t\t\t<div class=\"elementor-container elementor-column-gap-default\">\n\t\t\t\t\t<div class=\"elementor-column elementor-col-33 elementor-inner-column elementor-element elementor-element-b46668a\" data-id=\"b46668a\" data-element_type=\"column\">\n\t\t\t<div class=\"elementor-widget-wrap elementor-element-populated\">\n\t\t\t\t\t\t<div class=\"elementor-element elementor-element-71e61dc elementor-widget elementor-widget-heading\" data-id=\"71e61dc\" data-element_type=\"widget\" data-widget_type=\"heading.default\">\n\t\t\t\t<div class=\"elementor-widget-container\">\n\t\t\t\t\t<h3 class=\"elementor-heading-title elementor-size-default\">Tr\u1ee5 s\u1edf  ch\u00ednh:<\/h3>\t\t\t\t<\/div>\n\t\t\t\t<\/div>\n\t\t\t\t<div class=\"elementor-element elementor-element-34c7f0f elementor-widget-divider--view-line elementor-widget elementor-widget-divider\" data-id=\"34c7f0f\" data-element_type=\"widget\" data-widget_type=\"divider.default\">\n\t\t\t\t<div class=\"elementor-widget-container\">\n\t\t\t\t\t\t\t<div class=\"elementor-divider\">\n\t\t\t<span class=\"elementor-divider-separator\">\n\t\t\t\t\t\t<\/span>\n\t\t<\/div>\n\t\t\t\t\t\t<\/div>\n\t\t\t\t<\/div>\n\t\t\t\t<div class=\"elementor-element elementor-element-32b54f7 elementor-widget elementor-widget-text-editor\" data-id=\"32b54f7\" data-element_type=\"widget\" data-widget_type=\"text-editor.default\">\n\t\t\t\t<div class=\"elementor-widget-container\">\n\t\t\t\t\t\t\t\t\t<p>C\u00d4NG TY TNHH GI\u00c1O D\u1ee4C H\u1ea0T GI\u1ed0NG \u0110\u1ea4T VI\u1ec6T<\/p>\t\t\t\t\t\t\t\t<\/div>\n\t\t\t\t<\/div>\n\t\t\t\t<div class=\"elementor-element elementor-element-e3ca6fe elementor-widget elementor-widget-text-editor\" data-id=\"e3ca6fe\" data-element_type=\"widget\" data-widget_type=\"text-editor.default\">\n\t\t\t\t<div class=\"elementor-widget-container\">\n\t\t\t\t\t\t\t\t\t<p>V\u0103n ph\u00f2ng Mi\u1ec1n Trung: S\u1ed1 nh\u00e0 21A Y\u00ean B\u00ecnh, P. H\u01b0ng D\u0169ng, TP. Vinh, T\u1ec9nh Ngh\u1ec7 An<\/p>\t\t\t\t\t\t\t\t<\/div>\n\t\t\t\t<\/div>\n\t\t\t\t\t<\/div>\n\t\t<\/div>\n\t\t\t\t<div class=\"elementor-column elementor-col-33 elementor-inner-column elementor-element elementor-element-175e303\" data-id=\"175e303\" data-element_type=\"column\">\n\t\t\t<div class=\"elementor-widget-wrap elementor-element-populated\">\n\t\t\t\t\t\t<div class=\"elementor-element elementor-element-a2b96e2 elementor-widget elementor-widget-heading\" data-id=\"a2b96e2\" data-element_type=\"widget\" data-widget_type=\"heading.default\">\n\t\t\t\t<div class=\"elementor-widget-container\">\n\t\t\t\t\t<h3 class=\"elementor-heading-title elementor-size-default\">Li\u00ean h\u1ec7:<\/h3>\t\t\t\t<\/div>\n\t\t\t\t<\/div>\n\t\t\t\t<div class=\"elementor-element elementor-element-6b6c9db elementor-widget-divider--view-line elementor-widget elementor-widget-divider\" data-id=\"6b6c9db\" data-element_type=\"widget\" data-widget_type=\"divider.default\">\n\t\t\t\t<div class=\"elementor-widget-container\">\n\t\t\t\t\t\t\t<div class=\"elementor-divider\">\n\t\t\t<span class=\"elementor-divider-separator\">\n\t\t\t\t\t\t<\/span>\n\t\t<\/div>\n\t\t\t\t\t\t<\/div>\n\t\t\t\t<\/div>\n\t\t\t\t<div class=\"elementor-element elementor-element-dcb553b no-margin elementor-icon-list--layout-traditional elementor-list-item-link-full_width elementor-widget elementor-widget-icon-list\" data-id=\"dcb553b\" data-element_type=\"widget\" data-widget_type=\"icon-list.default\">\n\t\t\t\t<div class=\"elementor-widget-container\">\n\t\t\t\t\t\t\t<ul class=\"elementor-icon-list-items\">\n\t\t\t\t\t\t\t<li class=\"elementor-icon-list-item\">\n\t\t\t\t\t\t\t\t\t\t<span class=\"elementor-icon-list-text\">Hotline: 0564 584 326<\/span>\n\t\t\t\t\t\t\t\t\t<\/li>\n\t\t\t\t\t\t\t\t<li class=\"elementor-icon-list-item\">\n\t\t\t\t\t\t\t\t\t\t<span class=\"elementor-icon-list-text\">Email: hoaithu8686@gmail.com <\/span>\n\t\t\t\t\t\t\t\t\t<\/li>\n\t\t\t\t\t\t<\/ul>\n\t\t\t\t\t\t<\/div>\n\t\t\t\t<\/div>\n\t\t\t\t<div class=\"elementor-element elementor-element-ae43768 no-margin elementor-widget elementor-widget-text-editor\" data-id=\"ae43768\" data-element_type=\"widget\" data-widget_type=\"text-editor.default\">\n\t\t\t\t<div class=\"elementor-widget-container\">\n\t\t\t\t\t\t\t\t\t<p>Zalo OA:<\/p>\t\t\t\t\t\t\t\t<\/div>\n\t\t\t\t<\/div>\n\t\t\t\t<div class=\"elementor-element elementor-element-a24419a elementor-widget elementor-widget-image\" data-id=\"a24419a\" data-element_type=\"widget\" data-widget_type=\"image.default\">\n\t\t\t\t<div class=\"elementor-widget-container\">\n\t\t\t\t\t\t\t\t\t\t\t\t\t\t\t<img decoding=\"async\" width=\"150\" height=\"150\" src=\"https:\/\/vietseeds.edu.vn\/wp-content\/uploads\/2024\/12\/zalo_code-150x150.jpg\" class=\"attachment-thumbnail size-thumbnail wp-image-5582\" alt=\"\" srcset=\"https:\/\/vietseeds.edu.vn\/wp-content\/uploads\/2024\/12\/zalo_code-150x150.jpg 150w, https:\/\/vietseeds.edu.vn\/wp-content\/uploads\/2024\/12\/zalo_code-12x12.jpg 12w, https:\/\/vietseeds.edu.vn\/wp-content\/uploads\/2024\/12\/zalo_code.jpg 256w\" sizes=\"(max-width: 150px) 100vw, 150px\" \/>\t\t\t\t\t\t\t\t\t\t\t\t\t\t\t<\/div>\n\t\t\t\t<\/div>\n\t\t\t\t\t<\/div>\n\t\t<\/div>\n\t\t\t\t<div class=\"elementor-column elementor-col-33 elementor-inner-column elementor-element elementor-element-bd7a3e3\" data-id=\"bd7a3e3\" data-element_type=\"column\">\n\t\t\t<div class=\"elementor-widget-wrap elementor-element-populated\">\n\t\t\t\t\t\t<div class=\"elementor-element elementor-element-3d3fcc9 elementor-widget elementor-widget-heading\" data-id=\"3d3fcc9\" data-element_type=\"widget\" data-widget_type=\"heading.default\">\n\t\t\t\t<div class=\"elementor-widget-container\">\n\t\t\t\t\t<h3 class=\"elementor-heading-title elementor-size-default\">Th\u1eddi gian l\u00e0m vi\u1ec7c:<\/h3>\t\t\t\t<\/div>\n\t\t\t\t<\/div>\n\t\t\t\t<div class=\"elementor-element elementor-element-36d1d16 elementor-widget-divider--view-line elementor-widget elementor-widget-divider\" data-id=\"36d1d16\" data-element_type=\"widget\" data-widget_type=\"divider.default\">\n\t\t\t\t<div class=\"elementor-widget-container\">\n\t\t\t\t\t\t\t<div class=\"elementor-divider\">\n\t\t\t<span class=\"elementor-divider-separator\">\n\t\t\t\t\t\t<\/span>\n\t\t<\/div>\n\t\t\t\t\t\t<\/div>\n\t\t\t\t<\/div>\n\t\t\t\t<div class=\"elementor-element elementor-element-59ad56d elementor-widget elementor-widget-text-editor\" data-id=\"59ad56d\" data-element_type=\"widget\" data-widget_type=\"text-editor.default\">\n\t\t\t\t<div class=\"elementor-widget-container\">\n\t\t\t\t\t\t\t\t\t<p>07h45 &#8211; 23h30<br \/>T\u1ea5t C\u1ea3 C\u00e1c Ng\u00e0y Trong Tu\u1ea7n<\/p>\t\t\t\t\t\t\t\t<\/div>\n\t\t\t\t<\/div>\n\t\t\t\t\t<\/div>\n\t\t<\/div>\n\t\t\t\t\t<\/div>\n\t\t<\/section>\n\t\t\t\t\t<\/div>\n\t\t<\/div>\n\t\t\t\t\t<\/div>\n\t\t<\/section>\n\t\t\t\t<\/div>\n\t\t","protected":false},"excerpt":{"rendered":"<p>Th\u00f4ng tin li\u00ean h\u1ec7 Nh\u1eadn t\u01b0 v\u1ea5n nhanh VietSeeds Tr\u1ee5 s\u1edf ch\u00ednh: C\u00d4NG TY TNHH GI\u00c1O D\u1ee4C H\u1ea0T GI\u1ed0NG \u0110\u1ea4T VI\u1ec6T V\u0103n ph\u00f2ng Mi\u1ec1n Trung: S\u1ed1 nh\u00e0 21A Y\u00ean B\u00ecnh, P. H\u01b0ng D\u0169ng, TP. Vinh, T\u1ec9nh Ngh\u1ec7 An Li\u00ean h\u1ec7: Hotline: 0564 584 326 Email: hoaithu8686@gmail.com Zalo OA: Th\u1eddi gian l\u00e0m vi\u1ec7c: 07h45 &#8211; 23h30T\u1ea5t [&hellip;]<\/p>\n","protected":false},"author":1,"featured_media":2887,"parent":0,"menu_order":0,"comment_status":"closed","ping_status":"closed","template":"","meta":{"_acf_changed":false,"om_disable_all_campaigns":false,"footnotes":""},"class_list":["post-1240","page","type-page","status-publish","has-post-thumbnail","hentry"],"acf":[],"aioseo_notices":[],"_links":{"self":[{"href":"https:\/\/vietseeds.edu.vn\/vi\/wp-json\/wp\/v2\/pages\/1240","targetHints":{"allow":["GET"]}}],"collection":[{"href":"https:\/\/vietseeds.edu.vn\/vi\/wp-json\/wp\/v2\/pages"}],"about":[{"href":"https:\/\/vietseeds.edu.vn\/vi\/wp-json\/wp\/v2\/types\/page"}],"author":[{"embeddable":true,"href":"https:\/\/vietseeds.edu.vn\/vi\/wp-json\/wp\/v2\/users\/1"}],"replies":[{"embeddable":true,"href":"https:\/\/vietseeds.edu.vn\/vi\/wp-json\/wp\/v2\/comments?post=1240"}],"version-history":[{"count":109,"href":"https:\/\/vietseeds.edu.vn\/vi\/wp-json\/wp\/v2\/pages\/1240\/revisions"}],"predecessor-version":[{"id":8906,"href":"https:\/\/vietseeds.edu.vn\/vi\/wp-json\/wp\/v2\/pages\/1240\/revisions\/8906"}],"wp:featuredmedia":[{"embeddable":true,"href":"https:\/\/vietseeds.edu.vn\/vi\/wp-json\/wp\/v2\/media\/2887"}],"wp:attachment":[{"href":"https:\/\/vietseeds.edu.vn\/vi\/wp-json\/wp\/v2\/media?parent=1240"}],"curies":[{"name":"wp","href":"https:\/\/api.w.org\/{rel}","templated":true}]}}