{"id":3656,"date":"2024-12-04T07:35:16","date_gmt":"2024-12-04T07:35:16","guid":{"rendered":"http:\/\/vietseeds.demo1.fgct.net\/?page_id=3656"},"modified":"2025-01-22T02:36:16","modified_gmt":"2025-01-22T02:36:16","slug":"dang-nhap","status":"publish","type":"page","link":"https:\/\/vietseeds.edu.vn\/vi\/dang-nhap\/","title":{"rendered":"\u0111\u0103ng nh\u1eadp"},"content":{"rendered":"\t\t<div data-elementor-type=\"wp-page\" data-elementor-id=\"3656\" class=\"elementor elementor-3656\" data-elementor-post-type=\"page\">\n\t\t\t\t<div class=\"elementor-element elementor-element-c30e481 e-con-full e-flex e-con e-parent\" data-id=\"c30e481\" data-element_type=\"container\" id=\"fgc-login\" data-settings=\"{&quot;background_background&quot;:&quot;classic&quot;}\">\n\t\t<div class=\"elementor-element elementor-element-5fe1efc e-con-full e-flex e-con e-child\" data-id=\"5fe1efc\" data-element_type=\"container\" data-settings=\"{&quot;background_background&quot;:&quot;classic&quot;}\">\n\t\t\t\t<div class=\"elementor-element elementor-element-2c47fb4 elementor-widget elementor-widget-heading\" data-id=\"2c47fb4\" data-element_type=\"widget\" data-widget_type=\"heading.default\">\n\t\t\t\t<div class=\"elementor-widget-container\">\n\t\t\t\t\t<h2 class=\"elementor-heading-title elementor-size-default\">\u0110\u0103ng nh\u1eadp<\/h2>\t\t\t\t<\/div>\n\t\t\t\t<\/div>\n\t\t\t\t<div class=\"elementor-element elementor-element-6633b48 elementor-button-align-center elementor-widget elementor-widget-login\" data-id=\"6633b48\" data-element_type=\"widget\" data-widget_type=\"login.default\">\n\t\t\t\t<div class=\"elementor-widget-container\">\n\t\t\t\t\t\t\t<form class=\"elementor-login elementor-form\" method=\"post\" action=\"https:\/\/vietseeds.edu.vn\/wp-login.php\">\n\t\t\t<input type=\"hidden\" name=\"redirect_to\" value=\"\/\">\n\t\t\t<div class=\"elementor-form-fields-wrapper\">\n\t\t\t\t<div class=\"elementor-field-type-text elementor-field-group elementor-column elementor-col-100 elementor-field-required\">\n\t\t\t\t\t<label for=\"user-6633b48\" class=\"elementor-field-label\">Email ho\u1eb7c s\u1ed1 \u0111i\u1ec7n tho\u1ea1i \u0111\u0103ng nh\u1eadp<\/label>\n\t\t\t\t\t<input size=\"1\" type=\"text\" name=\"log\" id=\"user-6633b48\" placeholder=\"\" class=\"elementor-field elementor-field-textual elementor-size-sm\">\n\t\t\t\t<\/div>\n\t\t\t\t<div class=\"elementor-field-type-text elementor-field-group elementor-column elementor-col-100 elementor-field-required\">\n\t\t\t\t\t<label for=\"password-6633b48\" class=\"elementor-field-label\">M\u1eadt kh\u1ea9u<\/label>\n\t\t\t\t\t<input size=\"1\" type=\"password\" name=\"pwd\" id=\"password-6633b48\" placeholder=\"\" class=\"elementor-field elementor-field-textual elementor-size-sm\">\n\t\t\t\t<\/div>\n\n\t\t\t\t\t\t\t\t\t<div class=\"elementor-field-type-checkbox elementor-field-group elementor-column elementor-col-100 elementor-remember-me\">\n\t\t\t\t\t\t<label for=\"elementor-login-remember-me\">\n\t\t\t\t\t\t\t<input type=\"checkbox\" id=\"elementor-login-remember-me\" name=\"rememberme\" value=\"forever\">\n\t\t\t\t\t\t\tRemember Me\t\t\t\t\t\t<\/label>\n\t\t\t\t\t<\/div>\n\t\t\t\t\n\t\t\t\t<div class=\"elementor-field-group elementor-column elementor-field-type-submit elementor-col-100\">\n\t\t\t\t\t<button type=\"submit\" class=\"elementor-size-sm elementor-button\" name=\"wp-submit\">\n\t\t\t\t\t\t\t\t\t\t\t\t\t\t\t<span class=\"elementor-button-text\">\u0110\u0103ng nh\u1eadp<\/span>\n\t\t\t\t\t\t\t\t\t\t\t\t<\/button>\n\t\t\t\t<\/div>\n\n\t\t\t\t\t\t\t\t\t<div class=\"elementor-field-group elementor-column elementor-col-100\">\n\t\t\t\t\t\t\t\t\t\t\t\t\t\t\t\t\t\t\t\t<a class=\"elementor-lost-password\" href=\"https:\/\/vietseeds.edu.vn\/wp-login.php?action=lostpassword&redirect_to=%2F\">\n\t\t\t\t\t\t\t\tLost your password?\t\t\t\t\t\t\t<\/a>\n\t\t\t\t\t\t\n\t\t\t\t\t\t\t\t\t\t\t<\/div>\n\t\t\t\t\t\t\t<\/div>\n\t\t<\/form>\n\t\t\t\t\t\t<\/div>\n\t\t\t\t<\/div>\n\t\t\t\t<div class=\"elementor-element elementor-element-7013782 elementor-widget elementor-widget-html\" data-id=\"7013782\" data-element_type=\"widget\" id=\"fgc-notification-register\" data-widget_type=\"html.default\">\n\t\t\t\t<div class=\"elementor-widget-container\">\n\t\t\t\t\t<p style=\"text-align: center;\">B\u1ea1n ch\u01b0a c\u00f3 t\u00e0i kho\u1ea3n?<a href=\"\/dang-ki\" style=\"color: #00385C; font-weight: bold;\"> \u0110\u0103ng k\u00fd h\u1ecdc th\u1eed ngay!<\/a><\/p>\t\t\t\t<\/div>\n\t\t\t\t<\/div>\n\t\t\t\t<div class=\"elementor-element elementor-element-ec07a0f elementor-widget elementor-widget-html\" data-id=\"ec07a0f\" data-element_type=\"widget\" data-widget_type=\"html.default\">\n\t\t\t\t<div class=\"elementor-widget-container\">\n\t\t\t\t\t<script>\r\ndocument.addEventListener(\"DOMContentLoaded\", function () {\r\n    const passwordField = document.querySelector('input[type=\"password\"]');\r\n    const togglePassword = document.createElement(\"span\");\r\n    togglePassword.innerHTML = \"\ud83d\udc41\ufe0f\"; \/\/ Bi\u1ec3u t\u01b0\u1ee3ng con m\u1eaft\r\n    togglePassword.style.cursor = \"pointer\";\r\n    togglePassword.style.position = \"absolute\";\r\n    togglePassword.style.right = \"10px\";\r\n    togglePassword.style.top = \"70%\";\r\n    togglePassword.style.transform = \"translateY(-50%)\";\r\n\r\n    if (passwordField) {\r\n        const parent = passwordField.parentElement;\r\n        parent.style.position = \"relative\";\r\n        parent.appendChild(togglePassword);\r\n\r\n        togglePassword.addEventListener(\"click\", function () {\r\n            if (passwordField.type === \"password\") {\r\n                passwordField.type = \"text\";\r\n                togglePassword.innerHTML = \"\ud83d\ude48\"; \/\/ Bi\u1ec3u t\u01b0\u1ee3ng \u1ea9n\r\n            } else {\r\n                passwordField.type = \"password\";\r\n                togglePassword.innerHTML = \"\ud83d\udc41\ufe0f\"; \/\/ Bi\u1ec3u t\u01b0\u1ee3ng hi\u1ec7n\r\n            }\r\n        });\r\n    }\r\n});\r\njQuery(document).ready(function() {\r\n    \/\/ Ch\u1ecdn ph\u1ea7n t\u1eed \"Lost your password?\" v\u00e0 di chuy\u1ec3n n\u00f3\r\n    var lostPassword = jQuery('.elementor-lost-password');\r\n    var rememberMe = jQuery('label[for=\"elementor-login-remember-me\"]');\r\n    \r\n    \/\/ Di chuy\u1ec3n ph\u1ea7n t\u1eed \"Lost your password?\" l\u00ean d\u01b0\u1edbi ph\u1ea7n \"Remember me\"\r\n    lostPassword.insertAfter(rememberMe);\r\n});\r\n\/\/\/\/\/\/\/\/\/\/\/\/\/\/\/\/\r\nvar isLoggedIn = document.body.classList.contains('logged-in'); \/\/ L\u1edbp \"logged-in\" do WordPress th\u00eam\r\n\r\n    if (isLoggedIn) {\r\n        \/\/ Hi\u1ec3n th\u1ecb header\/footer\r\n        document.querySelectorAll('.page-id-3656 div[data-elementor-type=\"header\"], .page-id-3656 div[data-elementor-type=\"footer\"]').forEach(function(el) {\r\n            el.style.display = 'block';\r\n        });\r\n    } else {\r\n        \/\/ \u1ea8n header\/footer\r\n        document.querySelectorAll('.page-id-3656 div[data-elementor-type=\"header\"], .page-id-3656 div[data-elementor-type=\"footer\"]').forEach(function(el) {\r\n            el.style.display = 'none';\r\n        });\r\n    }\r\n    \r\n<\/script>\r\n<style>\r\n    input[type=\"password\"] {\r\n    padding-right: 40px; \/* Ch\u1eeba ch\u1ed7 cho bi\u1ec3u t\u01b0\u1ee3ng *\/\r\n}\r\nspan {\r\n    font-size: 18px;\r\n}\r\n\r\n\r\n<\/style>\t\t\t\t<\/div>\n\t\t\t\t<\/div>\n\t\t\t\t<\/div>\n\t\t<div class=\"elementor-element elementor-element-9cae3a0 e-con-full elementor-hidden-tablet elementor-hidden-mobile e-flex e-con e-child\" data-id=\"9cae3a0\" data-element_type=\"container\">\n\t\t\t\t<div class=\"elementor-element elementor-element-13e8338 elementor-widget elementor-widget-heading\" data-id=\"13e8338\" data-element_type=\"widget\" data-widget_type=\"heading.default\">\n\t\t\t\t<div class=\"elementor-widget-container\">\n\t\t\t\t\t<h4 class=\"elementor-heading-title elementor-size-default\">T\u00e2t c\u1ea3 kh\u00f3a h\u1ecdc Ti\u1ebfng Anh b\u1ea1n c\u1ea7n<\/h4>\t\t\t\t<\/div>\n\t\t\t\t<\/div>\n\t\t\t\t<div class=\"elementor-element elementor-element-9bf8ce3 elementor-widget elementor-widget-text-editor\" data-id=\"9bf8ce3\" data-element_type=\"widget\" data-widget_type=\"text-editor.default\">\n\t\t\t\t<div class=\"elementor-widget-container\">\n\t\t\t\t\t\t\t\t\t<p>Tr\u1ebb em hay ng\u01b0\u1eddi l\u1edbn; Giao ti\u1ebfp, luy\u1ec7n thi hay ph\u00e1t tri\u1ec3n 4 k\u1ef9 n\u0103ng&#8230;<\/p>\t\t\t\t\t\t\t\t<\/div>\n\t\t\t\t<\/div>\n\t\t\t\t<div class=\"elementor-element elementor-element-58a06a7 elementor-widget__width-initial elementor-arrows-position-inside elementor-widget elementor-widget-image-carousel\" data-id=\"58a06a7\" data-element_type=\"widget\" id=\"fgc-login-slide\" data-settings=\"{&quot;slides_to_show&quot;:&quot;1&quot;,&quot;navigation&quot;:&quot;arrows&quot;,&quot;autoplay&quot;:&quot;yes&quot;,&quot;pause_on_hover&quot;:&quot;yes&quot;,&quot;pause_on_interaction&quot;:&quot;yes&quot;,&quot;autoplay_speed&quot;:5000,&quot;infinite&quot;:&quot;yes&quot;,&quot;effect&quot;:&quot;slide&quot;,&quot;speed&quot;:500}\" data-widget_type=\"image-carousel.default\">\n\t\t\t\t<div class=\"elementor-widget-container\">\n\t\t\t\t\t\t\t<div class=\"elementor-image-carousel-wrapper swiper\" role=\"region\" aria-roledescription=\"carousel\" aria-label=\"Image Carousel\" dir=\"ltr\">\n\t\t\t<div class=\"elementor-image-carousel swiper-wrapper\" aria-live=\"off\">\n\t\t\t\t\t\t\t\t<div class=\"swiper-slide\" role=\"group\" aria-roledescription=\"slide\" aria-label=\"1 tr\u00ean 7\"><figure class=\"swiper-slide-inner\"><img decoding=\"async\" class=\"swiper-slide-image\" src=\"https:\/\/vietseeds.edu.vn\/wp-content\/uploads\/2024\/11\/hinh-thuc-ky-luat-sinh-vien-dai-hoc-16951796021201196200177.jpeg\" alt=\"hinh-thuc-ky-luat-sinh-vien-dai-hoc-16951796021201196200177\" \/><\/figure><\/div><div class=\"swiper-slide\" role=\"group\" aria-roledescription=\"slide\" aria-label=\"2 tr\u00ean 7\"><figure class=\"swiper-slide-inner\"><img decoding=\"async\" class=\"swiper-slide-image\" src=\"https:\/\/vietseeds.edu.vn\/wp-content\/uploads\/2024\/12\/download-1-2.jpg\" alt=\"download (1)\" \/><\/figure><\/div><div class=\"swiper-slide\" role=\"group\" aria-roledescription=\"slide\" aria-label=\"3 tr\u00ean 7\"><figure class=\"swiper-slide-inner\"><img decoding=\"async\" class=\"swiper-slide-image\" src=\"https:\/\/vietseeds.edu.vn\/wp-content\/uploads\/2024\/12\/download-2.jpg\" alt=\"download (2)\" \/><\/figure><\/div><div class=\"swiper-slide\" role=\"group\" aria-roledescription=\"slide\" aria-label=\"4 tr\u00ean 7\"><figure class=\"swiper-slide-inner\"><img decoding=\"async\" class=\"swiper-slide-image\" src=\"https:\/\/vietseeds.edu.vn\/wp-content\/uploads\/2024\/12\/download-6.jpg\" alt=\"download (6)\" \/><\/figure><\/div><div class=\"swiper-slide\" role=\"group\" aria-roledescription=\"slide\" aria-label=\"5 tr\u00ean 7\"><figure class=\"swiper-slide-inner\"><img decoding=\"async\" class=\"swiper-slide-image\" src=\"https:\/\/vietseeds.edu.vn\/wp-content\/uploads\/2024\/12\/download-3.jpg\" alt=\"download\" \/><\/figure><\/div><div class=\"swiper-slide\" role=\"group\" aria-roledescription=\"slide\" aria-label=\"6 tr\u00ean 7\"><figure class=\"swiper-slide-inner\"><img decoding=\"async\" class=\"swiper-slide-image\" src=\"https:\/\/vietseeds.edu.vn\/wp-content\/uploads\/2024\/12\/images-1.jpg\" alt=\"images (1)\" \/><\/figure><\/div><div class=\"swiper-slide\" role=\"group\" aria-roledescription=\"slide\" aria-label=\"7 tr\u00ean 7\"><figure class=\"swiper-slide-inner\"><img decoding=\"async\" class=\"swiper-slide-image\" src=\"https:\/\/vietseeds.edu.vn\/wp-content\/uploads\/2024\/12\/images.jpg\" alt=\"images\" \/><\/figure><\/div>\t\t\t<\/div>\n\t\t\t\t\t\t\t\t\t\t\t\t<div class=\"elementor-swiper-button elementor-swiper-button-prev\" role=\"button\" tabindex=\"0\">\n\t\t\t\t\t\t<svg aria-hidden=\"true\" class=\"e-font-icon-svg e-fas-arrow-left\" viewBox=\"0 0 448 512\" xmlns=\"http:\/\/www.w3.org\/2000\/svg\"><path d=\"M257.5 445.1l-22.2 22.2c-9.4 9.4-24.6 9.4-33.9 0L7 273c-9.4-9.4-9.4-24.6 0-33.9L201.4 44.7c9.4-9.4 24.6-9.4 33.9 0l22.2 22.2c9.5 9.5 9.3 25-.4 34.3L136.6 216H424c13.3 0 24 10.7 24 24v32c0 13.3-10.7 24-24 24H136.6l120.5 114.8c9.8 9.3 10 24.8.4 34.3z\"><\/path><\/svg>\t\t\t\t\t<\/div>\n\t\t\t\t\t<div class=\"elementor-swiper-button elementor-swiper-button-next\" role=\"button\" tabindex=\"0\">\n\t\t\t\t\t\t<svg aria-hidden=\"true\" class=\"e-font-icon-svg e-fas-arrow-right\" viewBox=\"0 0 448 512\" xmlns=\"http:\/\/www.w3.org\/2000\/svg\"><path d=\"M190.5 66.9l22.2-22.2c9.4-9.4 24.6-9.4 33.9 0L441 239c9.4 9.4 9.4 24.6 0 33.9L246.6 467.3c-9.4 9.4-24.6 9.4-33.9 0l-22.2-22.2c-9.5-9.5-9.3-25 .4-34.3L311.4 296H24c-13.3 0-24-10.7-24-24v-32c0-13.3 10.7-24 24-24h287.4L190.9 101.2c-9.8-9.3-10-24.8-.4-34.3z\"><\/path><\/svg>\t\t\t\t\t<\/div>\n\t\t\t\t\n\t\t\t\t\t\t\t\t\t<\/div>\n\t\t\t\t\t\t<\/div>\n\t\t\t\t<\/div>\n\t\t\t\t<\/div>\n\t\t\t\t<\/div>\n\t\t\t\t<\/div>\n\t\t","protected":false},"excerpt":{"rendered":"<p>\u0110\u0103ng nh\u1eadp B\u1ea1n ch\u01b0a c\u00f3 t\u00e0i kho\u1ea3n? \u0110\u0103ng k\u00fd h\u1ecdc th\u1eed ngay! T\u00e2t c\u1ea3 kh\u00f3a h\u1ecdc Ti\u1ebfng Anh b\u1ea1n c\u1ea7n Tr\u1ebb em hay ng\u01b0\u1eddi l\u1edbn; Giao ti\u1ebfp, luy\u1ec7n thi hay ph\u00e1t tri\u1ec3n 4 k\u1ef9 n\u0103ng&#8230;<\/p>\n","protected":false},"author":1,"featured_media":0,"parent":0,"menu_order":0,"comment_status":"closed","ping_status":"closed","template":"","meta":{"_acf_changed":false,"om_disable_all_campaigns":false,"footnotes":""},"class_list":["post-3656","page","type-page","status-publish","hentry"],"acf":[],"aioseo_notices":[],"_links":{"self":[{"href":"https:\/\/vietseeds.edu.vn\/vi\/wp-json\/wp\/v2\/pages\/3656","targetHints":{"allow":["GET"]}}],"collection":[{"href":"https:\/\/vietseeds.edu.vn\/vi\/wp-json\/wp\/v2\/pages"}],"about":[{"href":"https:\/\/vietseeds.edu.vn\/vi\/wp-json\/wp\/v2\/types\/page"}],"author":[{"embeddable":true,"href":"https:\/\/vietseeds.edu.vn\/vi\/wp-json\/wp\/v2\/users\/1"}],"replies":[{"embeddable":true,"href":"https:\/\/vietseeds.edu.vn\/vi\/wp-json\/wp\/v2\/comments?post=3656"}],"version-history":[{"count":308,"href":"https:\/\/vietseeds.edu.vn\/vi\/wp-json\/wp\/v2\/pages\/3656\/revisions"}],"predecessor-version":[{"id":9463,"href":"https:\/\/vietseeds.edu.vn\/vi\/wp-json\/wp\/v2\/pages\/3656\/revisions\/9463"}],"wp:attachment":[{"href":"https:\/\/vietseeds.edu.vn\/vi\/wp-json\/wp\/v2\/media?parent=3656"}],"curies":[{"name":"wp","href":"https:\/\/api.w.org\/{rel}","templated":true}]}}